{"id":1088,"date":"2024-06-20T10:56:54","date_gmt":"2024-06-20T08:56:54","guid":{"rendered":"http:\/\/pieffesrl.com\/prodotto\/serie-depek\/"},"modified":"2024-07-24T11:59:03","modified_gmt":"2024-07-24T09:59:03","slug":"serie-depek","status":"publish","type":"product","link":"https:\/\/pieffesrl.com\/fr\/prodotto\/ligne-moulage-caoutchouc\/serie-depek\/","title":{"rendered":"s\u00e9rie DEPEK"},"content":{"rendered":"<p>Excellentes propri\u00e9t\u00e9s m\u00e9caniques (charge \u00e0 la rupture, r\u00e9sistance \u00e0 la d\u00e9chirure, allongement \u00e0 la rupture). Bonne r\u00e9sistance \u00e0 la d\u00e9formation permanente. Bonne r\u00e9sistance \u00e0 l\u2019abrasion.<\/p>\n","protected":false},"excerpt":{"rendered":"<p>Excellentes propri\u00e9t\u00e9s m\u00e9caniques (charge \u00e0 la rupture, r\u00e9sistance \u00e0 la d\u00e9chirure, allongement \u00e0 la rupture). Bonne r\u00e9sistance \u00e0 la d\u00e9formation permanente. Bonne r\u00e9sistance \u00e0 l\u2019abrasion.<\/p>\n","protected":false},"featured_media":4250,"comment_status":"closed","ping_status":"closed","template":"","meta":{"_acf_changed":false,"_seopress_robots_primary_cat":"","_seopress_titles_title":"","_seopress_titles_desc":"","_seopress_robots_index":""},"product_cat":[75],"product_tag":[],"class_list":{"0":"post-1088","1":"product","2":"type-product","3":"status-publish","4":"has-post-thumbnail","6":"product_cat-ligne-moulage-caoutchouc","8":"first","9":"instock","10":"shipping-taxable","11":"product-type-simple"},"acf":[],"_links":{"self":[{"href":"https:\/\/pieffesrl.com\/fr\/wp-json\/wp\/v2\/product\/1088","targetHints":{"allow":["GET"]}}],"collection":[{"href":"https:\/\/pieffesrl.com\/fr\/wp-json\/wp\/v2\/product"}],"about":[{"href":"https:\/\/pieffesrl.com\/fr\/wp-json\/wp\/v2\/types\/product"}],"replies":[{"embeddable":true,"href":"https:\/\/pieffesrl.com\/fr\/wp-json\/wp\/v2\/comments?post=1088"}],"wp:featuredmedia":[{"embeddable":true,"href":"https:\/\/pieffesrl.com\/fr\/wp-json\/wp\/v2\/media\/4250"}],"wp:attachment":[{"href":"https:\/\/pieffesrl.com\/fr\/wp-json\/wp\/v2\/media?parent=1088"}],"wp:term":[{"taxonomy":"product_cat","embeddable":true,"href":"https:\/\/pieffesrl.com\/fr\/wp-json\/wp\/v2\/product_cat?post=1088"},{"taxonomy":"product_tag","embeddable":true,"href":"https:\/\/pieffesrl.com\/fr\/wp-json\/wp\/v2\/product_tag?post=1088"}],"curies":[{"name":"wp","href":"https:\/\/api.w.org\/{rel}","templated":true}]}}